{"id":1831,"date":"2020-05-26T18:29:56","date_gmt":"2020-05-26T18:29:56","guid":{"rendered":"https:\/\/worldhalaltrust.group\/?page_id=1831"},"modified":"2023-06-04T19:01:26","modified_gmt":"2023-06-04T19:01:26","slug":"halal-training-course","status":"publish","type":"page","link":"https:\/\/worldhalaltrust.group\/lt\/halal-training-course\/","title":{"rendered":"Halal Training Course"},"content":{"rendered":"","protected":false},"excerpt":{"rendered":"","protected":false},"author":1,"featured_media":9304,"parent":0,"menu_order":0,"comment_status":"closed","ping_status":"closed","template":"page-course.php","meta":{"_acf_changed":false,"inline_featured_image":false,"footnotes":""},"class_list":["post-1831","page","type-page","status-publish","has-post-thumbnail","hentry"],"acf":{"title_hero":"Sertifikavimas","description_hero":"Mes padedame atverti naujus horizontus, atverdami begalini\u0173 galimybi\u0173 pasaul\u012f savo Klientams. Halal sertifikavimas yra raktas \u012f naujas rinkas ir reik\u0161ming\u0105 eksporto pl\u0117tr\u0105.\r\n","background_hero":{"ID":159,"id":159,"title":"about-us","filename":"about-us-1.png","filesize":341587,"url":"https:\/\/worldhalaltrust.group\/wp-content\/uploads\/2020\/05\/about-us-1.png","link":"https:\/\/worldhalaltrust.group\/lt\/about-us\/about-us-2-2\/","alt":"","author":"1","description":"","caption":"","name":"about-us-2-2","status":"inherit","uploaded_to":1799,"date":"2020-05-04 11:57:31","modified":"2020-05-26 17:46:00","menu_order":0,"mime_type":"image\/png","type":"image","subtype":"png","icon":"https:\/\/worldhalaltrust.group\/wp-includes\/images\/media\/default.png","width":1700,"height":480,"sizes":{"thumbnail":"https:\/\/worldhalaltrust.group\/wp-content\/uploads\/2020\/05\/about-us-1-150x150.png","thumbnail-width":150,"thumbnail-height":150,"medium":"https:\/\/worldhalaltrust.group\/wp-content\/uploads\/2020\/05\/about-us-1-300x85.png","medium-width":300,"medium-height":85,"medium_large":"https:\/\/worldhalaltrust.group\/wp-content\/uploads\/2020\/05\/about-us-1-768x217.png","medium_large-width":768,"medium_large-height":217,"large":"https:\/\/worldhalaltrust.group\/wp-content\/uploads\/2020\/05\/about-us-1-1024x289.png","large-width":1024,"large-height":289,"1536x1536":"https:\/\/worldhalaltrust.group\/wp-content\/uploads\/2020\/05\/about-us-1-1536x434.png","1536x1536-width":1536,"1536x1536-height":434,"2048x2048":"https:\/\/worldhalaltrust.group\/wp-content\/uploads\/2020\/05\/about-us-1.png","2048x2048-width":1700,"2048x2048-height":480,"full-width":"https:\/\/worldhalaltrust.group\/wp-content\/uploads\/2020\/05\/about-us-1.png","full-width-width":1700,"full-width-height":480}},"background_overlay_hero":"rgba(0, 0, 0, 0.4)","flexible_content":false,"text_content":{"show_background":true,"content_body":"<h2>Halal Training Course<\/h2>\n<p>Mes siekiame, kad m\u016bs\u0173 klientai ir kitos \u012fmon\u0117s \u017einot\u0173 apie Halal pramon\u0119. Kiekvienais metais organizuojame Halal Training Course, nor\u0117dami supa\u017eindinti su naujausiais Halal gamybos ir sertifikavimo standartais bei tendencijomis, supa\u017eindinti bendroves su pagrindiniais Halal reikalavimais.<\/p>\n<p>Kasmetinis kursas yra privalomas m\u016bs\u0173 Klientams ir labai rekomenduojamas toms \u012fmon\u0117ms, kurios ateityje ketina sertifikuotis pagal Halal standartus.<\/p>\n<p>Kito Halal Training Course data dar nenustatyta.<\/p>\n"},"registration_content":{"show_background":true,"content_body_registration":"<h2>Halal Training Course 2020<\/h2>\n<p>Kito Halal Training Course data yra <strong><span style=\"color: #db2d2d;\">2020 05 02<\/span><\/strong><\/p>\n<p>U\u017esiregistruokite \u012f Halal Training Course dabar, spauskite mygtuk\u0105 \u201e<strong><span style=\"color: #db2d2d;\">Registracija<\/span><\/strong>\u201c.<\/p>\n","button_registration":1832},"courses_availability":"courses_not_available"},"yoast_head":"<!-- This site is optimized with the Yoast SEO plugin v27.4 - https:\/\/yoast.com\/product\/yoast-seo-wordpress\/ -->\n<title>Halal Training Course - World Halal Trust Group | Halal Sertifikavimo Paslaugos<\/title>\n<meta name=\"description\" content=\"Kiekvienais metais organizuojame Halal mokymo kursus, nor\u0117dami supa\u017eindinti su naujausiais Halal gamybos ir sertifikavimo standartais bei tendencijomis, supa\u017eindinti bendroves su pagrindiniais Halal reikalavimais.\" \/>\n<meta name=\"robots\" content=\"index, follow, max-snippet:-1, max-image-preview:large, max-video-preview:-1\" \/>\n<link rel=\"canonical\" href=\"https:\/\/worldhalaltrust.group\/lt\/halal-training-course\/\" \/>\n<meta property=\"og:locale\" content=\"lt_LT\" \/>\n<meta property=\"og:type\" content=\"article\" \/>\n<meta property=\"og:title\" content=\"Halal Training Course - World Halal Trust Group | Halal Sertifikavimo Paslaugos\" \/>\n<meta property=\"og:description\" content=\"Kiekvienais metais organizuojame Halal mokymo kursus, nor\u0117dami supa\u017eindinti su naujausiais Halal gamybos ir sertifikavimo standartais bei tendencijomis, supa\u017eindinti bendroves su pagrindiniais Halal reikalavimais.\" \/>\n<meta property=\"og:url\" content=\"https:\/\/worldhalaltrust.group\/lt\/halal-training-course\/\" \/>\n<meta property=\"og:site_name\" content=\"World Halal Trust Group | Halal Sertifikavimo Paslaugos\" \/>\n<meta property=\"article:publisher\" content=\"https:\/\/www.facebook.com\/worldhalaltrust\" \/>\n<meta property=\"article:modified_time\" content=\"2023-06-04T19:01:26+00:00\" \/>\n<meta property=\"og:image\" content=\"https:\/\/worldhalaltrust.group\/wp-content\/uploads\/2023\/06\/fim.jpg\" \/>\n\t<meta property=\"og:image:width\" content=\"500\" \/>\n\t<meta property=\"og:image:height\" content=\"500\" \/>\n\t<meta property=\"og:image:type\" content=\"image\/jpeg\" \/>\n<meta name=\"twitter:card\" content=\"summary_large_image\" \/>\n<script type=\"application\/ld+json\" class=\"yoast-schema-graph\">{\"@context\":\"https:\\\/\\\/schema.org\",\"@graph\":[{\"@type\":\"WebPage\",\"@id\":\"https:\\\/\\\/worldhalaltrust.group\\\/lt\\\/halal-training-course\\\/\",\"url\":\"https:\\\/\\\/worldhalaltrust.group\\\/lt\\\/halal-training-course\\\/\",\"name\":\"Halal Training Course - World Halal Trust Group | Halal Sertifikavimo Paslaugos\",\"isPartOf\":{\"@id\":\"https:\\\/\\\/worldhalaltrust.group\\\/lt\\\/#website\"},\"primaryImageOfPage\":{\"@id\":\"https:\\\/\\\/worldhalaltrust.group\\\/lt\\\/halal-training-course\\\/#primaryimage\"},\"image\":{\"@id\":\"https:\\\/\\\/worldhalaltrust.group\\\/lt\\\/halal-training-course\\\/#primaryimage\"},\"thumbnailUrl\":\"https:\\\/\\\/worldhalaltrust.group\\\/wp-content\\\/uploads\\\/2023\\\/06\\\/fim.jpg\",\"datePublished\":\"2020-05-26T18:29:56+00:00\",\"dateModified\":\"2023-06-04T19:01:26+00:00\",\"description\":\"Kiekvienais metais organizuojame Halal mokymo kursus, nor\u0117dami supa\u017eindinti su naujausiais Halal gamybos ir sertifikavimo standartais bei tendencijomis, supa\u017eindinti bendroves su pagrindiniais Halal reikalavimais.\",\"breadcrumb\":{\"@id\":\"https:\\\/\\\/worldhalaltrust.group\\\/lt\\\/halal-training-course\\\/#breadcrumb\"},\"inLanguage\":\"lt-LT\",\"potentialAction\":[{\"@type\":\"ReadAction\",\"target\":[\"https:\\\/\\\/worldhalaltrust.group\\\/lt\\\/halal-training-course\\\/\"]}]},{\"@type\":\"ImageObject\",\"inLanguage\":\"lt-LT\",\"@id\":\"https:\\\/\\\/worldhalaltrust.group\\\/lt\\\/halal-training-course\\\/#primaryimage\",\"url\":\"https:\\\/\\\/worldhalaltrust.group\\\/wp-content\\\/uploads\\\/2023\\\/06\\\/fim.jpg\",\"contentUrl\":\"https:\\\/\\\/worldhalaltrust.group\\\/wp-content\\\/uploads\\\/2023\\\/06\\\/fim.jpg\",\"width\":500,\"height\":500},{\"@type\":\"BreadcrumbList\",\"@id\":\"https:\\\/\\\/worldhalaltrust.group\\\/lt\\\/halal-training-course\\\/#breadcrumb\",\"itemListElement\":[{\"@type\":\"ListItem\",\"position\":1,\"name\":\"Home\",\"item\":\"https:\\\/\\\/worldhalaltrust.group\\\/lt\\\/\"},{\"@type\":\"ListItem\",\"position\":2,\"name\":\"Halal Training Course\"}]},{\"@type\":\"WebSite\",\"@id\":\"https:\\\/\\\/worldhalaltrust.group\\\/lt\\\/#website\",\"url\":\"https:\\\/\\\/worldhalaltrust.group\\\/lt\\\/\",\"name\":\"World Halal Trust Group | Halal Sertifikavimo Paslaugos\",\"description\":\"World Halal Trust Group teikia Halal sertifikavimo paslaugas maisto ir ne maisto gamintojams, m\u0117sos perdirb\u0117jams, stebi Halal sertifikuotos produkcijos gamyb\u0105.\",\"publisher\":{\"@id\":\"https:\\\/\\\/worldhalaltrust.group\\\/lt\\\/#organization\"},\"potentialAction\":[{\"@type\":\"SearchAction\",\"target\":{\"@type\":\"EntryPoint\",\"urlTemplate\":\"https:\\\/\\\/worldhalaltrust.group\\\/lt\\\/?s={search_term_string}\"},\"query-input\":{\"@type\":\"PropertyValueSpecification\",\"valueRequired\":true,\"valueName\":\"search_term_string\"}}],\"inLanguage\":\"lt-LT\"},{\"@type\":\"Organization\",\"@id\":\"https:\\\/\\\/worldhalaltrust.group\\\/lt\\\/#organization\",\"name\":\"World Halal Trust\",\"url\":\"https:\\\/\\\/worldhalaltrust.group\\\/lt\\\/\",\"logo\":{\"@type\":\"ImageObject\",\"inLanguage\":\"lt-LT\",\"@id\":\"https:\\\/\\\/worldhalaltrust.group\\\/lt\\\/#\\\/schema\\\/logo\\\/image\\\/\",\"url\":\"https:\\\/\\\/worldhalaltrust.group\\\/wp-content\\\/uploads\\\/2021\\\/06\\\/socialHeader-2.png\",\"contentUrl\":\"https:\\\/\\\/worldhalaltrust.group\\\/wp-content\\\/uploads\\\/2021\\\/06\\\/socialHeader-2.png\",\"width\":496,\"height\":312,\"caption\":\"World Halal Trust\"},\"image\":{\"@id\":\"https:\\\/\\\/worldhalaltrust.group\\\/lt\\\/#\\\/schema\\\/logo\\\/image\\\/\"},\"sameAs\":[\"https:\\\/\\\/www.facebook.com\\\/worldhalaltrust\",\"https:\\\/\\\/www.linkedin.com\\\/company\\\/world-halal-trust\\\/about\\\/\"]}]}<\/script>\n<!-- \/ Yoast SEO plugin. -->","yoast_head_json":{"title":"Halal Training Course - World Halal Trust Group | Halal Sertifikavimo Paslaugos","description":"Kiekvienais metais organizuojame Halal mokymo kursus, nor\u0117dami supa\u017eindinti su naujausiais Halal gamybos ir sertifikavimo standartais bei tendencijomis, supa\u017eindinti bendroves su pagrindiniais Halal reikalavimais.","robots":{"index":"index","follow":"follow","max-snippet":"max-snippet:-1","max-image-preview":"max-image-preview:large","max-video-preview":"max-video-preview:-1"},"canonical":"https:\/\/worldhalaltrust.group\/lt\/halal-training-course\/","og_locale":"lt_LT","og_type":"article","og_title":"Halal Training Course - World Halal Trust Group | Halal Sertifikavimo Paslaugos","og_description":"Kiekvienais metais organizuojame Halal mokymo kursus, nor\u0117dami supa\u017eindinti su naujausiais Halal gamybos ir sertifikavimo standartais bei tendencijomis, supa\u017eindinti bendroves su pagrindiniais Halal reikalavimais.","og_url":"https:\/\/worldhalaltrust.group\/lt\/halal-training-course\/","og_site_name":"World Halal Trust Group | Halal Sertifikavimo Paslaugos","article_publisher":"https:\/\/www.facebook.com\/worldhalaltrust","article_modified_time":"2023-06-04T19:01:26+00:00","og_image":[{"width":500,"height":500,"url":"https:\/\/worldhalaltrust.group\/wp-content\/uploads\/2023\/06\/fim.jpg","type":"image\/jpeg"}],"twitter_card":"summary_large_image","schema":{"@context":"https:\/\/schema.org","@graph":[{"@type":"WebPage","@id":"https:\/\/worldhalaltrust.group\/lt\/halal-training-course\/","url":"https:\/\/worldhalaltrust.group\/lt\/halal-training-course\/","name":"Halal Training Course - World Halal Trust Group | Halal Sertifikavimo Paslaugos","isPartOf":{"@id":"https:\/\/worldhalaltrust.group\/lt\/#website"},"primaryImageOfPage":{"@id":"https:\/\/worldhalaltrust.group\/lt\/halal-training-course\/#primaryimage"},"image":{"@id":"https:\/\/worldhalaltrust.group\/lt\/halal-training-course\/#primaryimage"},"thumbnailUrl":"https:\/\/worldhalaltrust.group\/wp-content\/uploads\/2023\/06\/fim.jpg","datePublished":"2020-05-26T18:29:56+00:00","dateModified":"2023-06-04T19:01:26+00:00","description":"Kiekvienais metais organizuojame Halal mokymo kursus, nor\u0117dami supa\u017eindinti su naujausiais Halal gamybos ir sertifikavimo standartais bei tendencijomis, supa\u017eindinti bendroves su pagrindiniais Halal reikalavimais.","breadcrumb":{"@id":"https:\/\/worldhalaltrust.group\/lt\/halal-training-course\/#breadcrumb"},"inLanguage":"lt-LT","potentialAction":[{"@type":"ReadAction","target":["https:\/\/worldhalaltrust.group\/lt\/halal-training-course\/"]}]},{"@type":"ImageObject","inLanguage":"lt-LT","@id":"https:\/\/worldhalaltrust.group\/lt\/halal-training-course\/#primaryimage","url":"https:\/\/worldhalaltrust.group\/wp-content\/uploads\/2023\/06\/fim.jpg","contentUrl":"https:\/\/worldhalaltrust.group\/wp-content\/uploads\/2023\/06\/fim.jpg","width":500,"height":500},{"@type":"BreadcrumbList","@id":"https:\/\/worldhalaltrust.group\/lt\/halal-training-course\/#breadcrumb","itemListElement":[{"@type":"ListItem","position":1,"name":"Home","item":"https:\/\/worldhalaltrust.group\/lt\/"},{"@type":"ListItem","position":2,"name":"Halal Training Course"}]},{"@type":"WebSite","@id":"https:\/\/worldhalaltrust.group\/lt\/#website","url":"https:\/\/worldhalaltrust.group\/lt\/","name":"World Halal Trust Group | Halal Sertifikavimo Paslaugos","description":"World Halal Trust Group teikia Halal sertifikavimo paslaugas maisto ir ne maisto gamintojams, m\u0117sos perdirb\u0117jams, stebi Halal sertifikuotos produkcijos gamyb\u0105.","publisher":{"@id":"https:\/\/worldhalaltrust.group\/lt\/#organization"},"potentialAction":[{"@type":"SearchAction","target":{"@type":"EntryPoint","urlTemplate":"https:\/\/worldhalaltrust.group\/lt\/?s={search_term_string}"},"query-input":{"@type":"PropertyValueSpecification","valueRequired":true,"valueName":"search_term_string"}}],"inLanguage":"lt-LT"},{"@type":"Organization","@id":"https:\/\/worldhalaltrust.group\/lt\/#organization","name":"World Halal Trust","url":"https:\/\/worldhalaltrust.group\/lt\/","logo":{"@type":"ImageObject","inLanguage":"lt-LT","@id":"https:\/\/worldhalaltrust.group\/lt\/#\/schema\/logo\/image\/","url":"https:\/\/worldhalaltrust.group\/wp-content\/uploads\/2021\/06\/socialHeader-2.png","contentUrl":"https:\/\/worldhalaltrust.group\/wp-content\/uploads\/2021\/06\/socialHeader-2.png","width":496,"height":312,"caption":"World Halal Trust"},"image":{"@id":"https:\/\/worldhalaltrust.group\/lt\/#\/schema\/logo\/image\/"},"sameAs":["https:\/\/www.facebook.com\/worldhalaltrust","https:\/\/www.linkedin.com\/company\/world-halal-trust\/about\/"]}]}},"_links":{"self":[{"href":"https:\/\/worldhalaltrust.group\/lt\/wp-json\/wp\/v2\/pages\/1831","targetHints":{"allow":["GET"]}}],"collection":[{"href":"https:\/\/worldhalaltrust.group\/lt\/wp-json\/wp\/v2\/pages"}],"about":[{"href":"https:\/\/worldhalaltrust.group\/lt\/wp-json\/wp\/v2\/types\/page"}],"author":[{"embeddable":true,"href":"https:\/\/worldhalaltrust.group\/lt\/wp-json\/wp\/v2\/users\/1"}],"replies":[{"embeddable":true,"href":"https:\/\/worldhalaltrust.group\/lt\/wp-json\/wp\/v2\/comments?post=1831"}],"version-history":[{"count":14,"href":"https:\/\/worldhalaltrust.group\/lt\/wp-json\/wp\/v2\/pages\/1831\/revisions"}],"predecessor-version":[{"id":3414,"href":"https:\/\/worldhalaltrust.group\/lt\/wp-json\/wp\/v2\/pages\/1831\/revisions\/3414"}],"wp:featuredmedia":[{"embeddable":true,"href":"https:\/\/worldhalaltrust.group\/lt\/wp-json\/wp\/v2\/media\/9304"}],"wp:attachment":[{"href":"https:\/\/worldhalaltrust.group\/lt\/wp-json\/wp\/v2\/media?parent=1831"}],"curies":[{"name":"wp","href":"https:\/\/api.w.org\/{rel}","templated":true}]}}