{"id":1906,"date":"2020-05-26T19:09:36","date_gmt":"2020-05-26T19:09:36","guid":{"rendered":"https:\/\/worldhalaltrust.group\/?page_id=1906"},"modified":"2024-09-16T05:34:24","modified_gmt":"2024-09-16T05:34:24","slug":"homepage","status":"publish","type":"page","link":"https:\/\/worldhalaltrust.group\/lt\/","title":{"rendered":"Homepage"},"content":{"rendered":"","protected":false},"excerpt":{"rendered":"","protected":false},"author":1,"featured_media":9304,"parent":0,"menu_order":0,"comment_status":"closed","ping_status":"closed","template":"page-home.php","meta":{"_acf_changed":false,"inline_featured_image":false,"footnotes":""},"class_list":["post-1906","page","type-page","status-publish","has-post-thumbnail","hentry"],"acf":{"title_hero_main":"World Halal Trust Group","description_hero_main":"World Halal Trust Group siekia teikti auk\u0161\u010diausios kokyb\u0117s Halal sertifikavimo paslaugas ir pad\u0117ti savo klientams, atverdama naujas rinkas ir pl\u0117sdama prekybos horizontus. M\u016bs\u0173 pagrindinis tikslas yra u\u017etikrinti s\u0105\u017eining\u0105 ir kvalifikuot\u0105 visos Halal produkcijos gamyb\u0105. Mes siekiame u\u017etikrinti, kad sertifikuoti produktai b\u016bt\u0173 pagaminti laikantis vis\u0173 Halal gamybos reikalavim\u0173 ir standart\u0173 pagal Islamo (\u0160ariato) \u012fstatymus.","button_hero_main":1837,"background_hero_main":{"ID":77,"id":77,"title":"home-bg","filename":"home-bg.jpg","filesize":600949,"url":"https:\/\/worldhalaltrust.group\/wp-content\/uploads\/2020\/05\/home-bg.jpg","link":"https:\/\/worldhalaltrust.group\/lt\/traceability\/home-bg-2\/","alt":"","author":"1","description":"","caption":"","name":"home-bg-2","status":"inherit","uploaded_to":1837,"date":"2020-05-02 13:10:42","modified":"2020-05-27 12:25:55","menu_order":0,"mime_type":"image\/jpeg","type":"image","subtype":"jpeg","icon":"https:\/\/worldhalaltrust.group\/wp-includes\/images\/media\/default.png","width":1920,"height":1080,"sizes":{"thumbnail":"https:\/\/worldhalaltrust.group\/wp-content\/uploads\/2020\/05\/home-bg-150x150.jpg","thumbnail-width":150,"thumbnail-height":150,"medium":"https:\/\/worldhalaltrust.group\/wp-content\/uploads\/2020\/05\/home-bg-300x169.jpg","medium-width":300,"medium-height":169,"medium_large":"https:\/\/worldhalaltrust.group\/wp-content\/uploads\/2020\/05\/home-bg-768x432.jpg","medium_large-width":768,"medium_large-height":432,"large":"https:\/\/worldhalaltrust.group\/wp-content\/uploads\/2020\/05\/home-bg-1024x576.jpg","large-width":1024,"large-height":576,"1536x1536":"https:\/\/worldhalaltrust.group\/wp-content\/uploads\/2020\/05\/home-bg-1536x864.jpg","1536x1536-width":1536,"1536x1536-height":864,"2048x2048":"https:\/\/worldhalaltrust.group\/wp-content\/uploads\/2020\/05\/home-bg.jpg","2048x2048-width":1920,"2048x2048-height":1080,"full-width":"https:\/\/worldhalaltrust.group\/wp-content\/uploads\/2020\/05\/home-bg.jpg","full-width-width":1920,"full-width-height":1080}},"background_overlay_hero_main":"rgba(0, 0, 0, 0.5)"},"yoast_head":"<!-- This site is optimized with the Yoast SEO plugin v27.4 - https:\/\/yoast.com\/product\/yoast-seo-wordpress\/ -->\n<title>World Halal Trust Group | Halal Sertifikavimo Paslaugos<\/title>\n<meta name=\"description\" content=\"World Halal Trust Group teikia Halal sertifikavimo paslaugas maisto ir ne maisto gamintojams, m\u0117sos perdirb\u0117jams, stebi Halal sertifikuotos produkcijos gamyb\u0105.\" \/>\n<meta name=\"robots\" content=\"index, follow, max-snippet:-1, max-image-preview:large, max-video-preview:-1\" \/>\n<link rel=\"canonical\" href=\"https:\/\/worldhalaltrust.group\/lt\/\" \/>\n<meta property=\"og:locale\" content=\"lt_LT\" \/>\n<meta property=\"og:type\" content=\"article\" \/>\n<meta property=\"og:title\" content=\"World Halal Trust Group | Halal Sertifikavimo Paslaugos\" \/>\n<meta property=\"og:description\" content=\"World Halal Trust Group teikia Halal sertifikavimo paslaugas maisto ir ne maisto gamintojams, m\u0117sos perdirb\u0117jams, stebi Halal sertifikuotos produkcijos gamyb\u0105.\" \/>\n<meta property=\"og:url\" content=\"https:\/\/worldhalaltrust.group\/lt\/\" \/>\n<meta property=\"og:site_name\" content=\"World Halal Trust Group | Halal Sertifikavimo Paslaugos\" \/>\n<meta property=\"article:publisher\" content=\"https:\/\/www.facebook.com\/worldhalaltrust\" \/>\n<meta property=\"article:modified_time\" content=\"2024-09-16T05:34:24+00:00\" \/>\n<meta property=\"og:image\" content=\"https:\/\/worldhalaltrust.group\/wp-content\/uploads\/2023\/06\/fim.jpg\" \/>\n\t<meta property=\"og:image:width\" content=\"500\" \/>\n\t<meta property=\"og:image:height\" content=\"500\" \/>\n\t<meta property=\"og:image:type\" content=\"image\/jpeg\" \/>\n<meta name=\"twitter:card\" content=\"summary_large_image\" \/>\n<meta name=\"twitter:label1\" content=\"Est. reading time\" \/>\n\t<meta name=\"twitter:data1\" content=\"1 minut\u0117\" \/>\n<script type=\"application\/ld+json\" class=\"yoast-schema-graph\">{\"@context\":\"https:\\\/\\\/schema.org\",\"@graph\":[{\"@type\":\"WebPage\",\"@id\":\"https:\\\/\\\/worldhalaltrust.group\\\/lt\\\/\",\"url\":\"https:\\\/\\\/worldhalaltrust.group\\\/lt\\\/\",\"name\":\"World Halal Trust Group | Halal Sertifikavimo Paslaugos\",\"isPartOf\":{\"@id\":\"https:\\\/\\\/worldhalaltrust.group\\\/lt\\\/#website\"},\"primaryImageOfPage\":{\"@id\":\"https:\\\/\\\/worldhalaltrust.group\\\/lt\\\/#primaryimage\"},\"image\":{\"@id\":\"https:\\\/\\\/worldhalaltrust.group\\\/lt\\\/#primaryimage\"},\"thumbnailUrl\":\"https:\\\/\\\/worldhalaltrust.group\\\/wp-content\\\/uploads\\\/2023\\\/06\\\/fim.jpg\",\"datePublished\":\"2020-05-26T19:09:36+00:00\",\"dateModified\":\"2024-09-16T05:34:24+00:00\",\"description\":\"World Halal Trust Group teikia Halal sertifikavimo paslaugas maisto ir ne maisto gamintojams, m\u0117sos perdirb\u0117jams, stebi Halal sertifikuotos produkcijos gamyb\u0105.\",\"breadcrumb\":{\"@id\":\"https:\\\/\\\/worldhalaltrust.group\\\/lt\\\/#breadcrumb\"},\"inLanguage\":\"lt-LT\",\"potentialAction\":[{\"@type\":\"ReadAction\",\"target\":[\"https:\\\/\\\/worldhalaltrust.group\\\/lt\\\/\"]}]},{\"@type\":\"ImageObject\",\"inLanguage\":\"lt-LT\",\"@id\":\"https:\\\/\\\/worldhalaltrust.group\\\/lt\\\/#primaryimage\",\"url\":\"https:\\\/\\\/worldhalaltrust.group\\\/wp-content\\\/uploads\\\/2023\\\/06\\\/fim.jpg\",\"contentUrl\":\"https:\\\/\\\/worldhalaltrust.group\\\/wp-content\\\/uploads\\\/2023\\\/06\\\/fim.jpg\",\"width\":500,\"height\":500},{\"@type\":\"BreadcrumbList\",\"@id\":\"https:\\\/\\\/worldhalaltrust.group\\\/lt\\\/#breadcrumb\",\"itemListElement\":[{\"@type\":\"ListItem\",\"position\":1,\"name\":\"Home\",\"item\":\"https:\\\/\\\/worldhalaltrust.group\\\/lt\\\/\"},{\"@type\":\"ListItem\",\"position\":2,\"name\":\"Homepage\"}]},{\"@type\":\"WebSite\",\"@id\":\"https:\\\/\\\/worldhalaltrust.group\\\/lt\\\/#website\",\"url\":\"https:\\\/\\\/worldhalaltrust.group\\\/lt\\\/\",\"name\":\"World Halal Trust Group | Halal Sertifikavimo Paslaugos\",\"description\":\"World Halal Trust Group teikia Halal sertifikavimo paslaugas maisto ir ne maisto gamintojams, m\u0117sos perdirb\u0117jams, stebi Halal sertifikuotos produkcijos gamyb\u0105.\",\"publisher\":{\"@id\":\"https:\\\/\\\/worldhalaltrust.group\\\/lt\\\/#organization\"},\"potentialAction\":[{\"@type\":\"SearchAction\",\"target\":{\"@type\":\"EntryPoint\",\"urlTemplate\":\"https:\\\/\\\/worldhalaltrust.group\\\/lt\\\/?s={search_term_string}\"},\"query-input\":{\"@type\":\"PropertyValueSpecification\",\"valueRequired\":true,\"valueName\":\"search_term_string\"}}],\"inLanguage\":\"lt-LT\"},{\"@type\":\"Organization\",\"@id\":\"https:\\\/\\\/worldhalaltrust.group\\\/lt\\\/#organization\",\"name\":\"World Halal Trust\",\"url\":\"https:\\\/\\\/worldhalaltrust.group\\\/lt\\\/\",\"logo\":{\"@type\":\"ImageObject\",\"inLanguage\":\"lt-LT\",\"@id\":\"https:\\\/\\\/worldhalaltrust.group\\\/lt\\\/#\\\/schema\\\/logo\\\/image\\\/\",\"url\":\"https:\\\/\\\/worldhalaltrust.group\\\/wp-content\\\/uploads\\\/2021\\\/06\\\/socialHeader-2.png\",\"contentUrl\":\"https:\\\/\\\/worldhalaltrust.group\\\/wp-content\\\/uploads\\\/2021\\\/06\\\/socialHeader-2.png\",\"width\":496,\"height\":312,\"caption\":\"World Halal Trust\"},\"image\":{\"@id\":\"https:\\\/\\\/worldhalaltrust.group\\\/lt\\\/#\\\/schema\\\/logo\\\/image\\\/\"},\"sameAs\":[\"https:\\\/\\\/www.facebook.com\\\/worldhalaltrust\",\"https:\\\/\\\/www.linkedin.com\\\/company\\\/world-halal-trust\\\/about\\\/\"]}]}<\/script>\n<!-- \/ Yoast SEO plugin. -->","yoast_head_json":{"title":"World Halal Trust Group | Halal Sertifikavimo Paslaugos","description":"World Halal Trust Group teikia Halal sertifikavimo paslaugas maisto ir ne maisto gamintojams, m\u0117sos perdirb\u0117jams, stebi Halal sertifikuotos produkcijos gamyb\u0105.","robots":{"index":"index","follow":"follow","max-snippet":"max-snippet:-1","max-image-preview":"max-image-preview:large","max-video-preview":"max-video-preview:-1"},"canonical":"https:\/\/worldhalaltrust.group\/lt\/","og_locale":"lt_LT","og_type":"article","og_title":"World Halal Trust Group | Halal Sertifikavimo Paslaugos","og_description":"World Halal Trust Group teikia Halal sertifikavimo paslaugas maisto ir ne maisto gamintojams, m\u0117sos perdirb\u0117jams, stebi Halal sertifikuotos produkcijos gamyb\u0105.","og_url":"https:\/\/worldhalaltrust.group\/lt\/","og_site_name":"World Halal Trust Group | Halal Sertifikavimo Paslaugos","article_publisher":"https:\/\/www.facebook.com\/worldhalaltrust","article_modified_time":"2024-09-16T05:34:24+00:00","og_image":[{"width":500,"height":500,"url":"https:\/\/worldhalaltrust.group\/wp-content\/uploads\/2023\/06\/fim.jpg","type":"image\/jpeg"}],"twitter_card":"summary_large_image","twitter_misc":{"Est. reading time":"1 minut\u0117"},"schema":{"@context":"https:\/\/schema.org","@graph":[{"@type":"WebPage","@id":"https:\/\/worldhalaltrust.group\/lt\/","url":"https:\/\/worldhalaltrust.group\/lt\/","name":"World Halal Trust Group | Halal Sertifikavimo Paslaugos","isPartOf":{"@id":"https:\/\/worldhalaltrust.group\/lt\/#website"},"primaryImageOfPage":{"@id":"https:\/\/worldhalaltrust.group\/lt\/#primaryimage"},"image":{"@id":"https:\/\/worldhalaltrust.group\/lt\/#primaryimage"},"thumbnailUrl":"https:\/\/worldhalaltrust.group\/wp-content\/uploads\/2023\/06\/fim.jpg","datePublished":"2020-05-26T19:09:36+00:00","dateModified":"2024-09-16T05:34:24+00:00","description":"World Halal Trust Group teikia Halal sertifikavimo paslaugas maisto ir ne maisto gamintojams, m\u0117sos perdirb\u0117jams, stebi Halal sertifikuotos produkcijos gamyb\u0105.","breadcrumb":{"@id":"https:\/\/worldhalaltrust.group\/lt\/#breadcrumb"},"inLanguage":"lt-LT","potentialAction":[{"@type":"ReadAction","target":["https:\/\/worldhalaltrust.group\/lt\/"]}]},{"@type":"ImageObject","inLanguage":"lt-LT","@id":"https:\/\/worldhalaltrust.group\/lt\/#primaryimage","url":"https:\/\/worldhalaltrust.group\/wp-content\/uploads\/2023\/06\/fim.jpg","contentUrl":"https:\/\/worldhalaltrust.group\/wp-content\/uploads\/2023\/06\/fim.jpg","width":500,"height":500},{"@type":"BreadcrumbList","@id":"https:\/\/worldhalaltrust.group\/lt\/#breadcrumb","itemListElement":[{"@type":"ListItem","position":1,"name":"Home","item":"https:\/\/worldhalaltrust.group\/lt\/"},{"@type":"ListItem","position":2,"name":"Homepage"}]},{"@type":"WebSite","@id":"https:\/\/worldhalaltrust.group\/lt\/#website","url":"https:\/\/worldhalaltrust.group\/lt\/","name":"World Halal Trust Group | Halal Sertifikavimo Paslaugos","description":"World Halal Trust Group teikia Halal sertifikavimo paslaugas maisto ir ne maisto gamintojams, m\u0117sos perdirb\u0117jams, stebi Halal sertifikuotos produkcijos gamyb\u0105.","publisher":{"@id":"https:\/\/worldhalaltrust.group\/lt\/#organization"},"potentialAction":[{"@type":"SearchAction","target":{"@type":"EntryPoint","urlTemplate":"https:\/\/worldhalaltrust.group\/lt\/?s={search_term_string}"},"query-input":{"@type":"PropertyValueSpecification","valueRequired":true,"valueName":"search_term_string"}}],"inLanguage":"lt-LT"},{"@type":"Organization","@id":"https:\/\/worldhalaltrust.group\/lt\/#organization","name":"World Halal Trust","url":"https:\/\/worldhalaltrust.group\/lt\/","logo":{"@type":"ImageObject","inLanguage":"lt-LT","@id":"https:\/\/worldhalaltrust.group\/lt\/#\/schema\/logo\/image\/","url":"https:\/\/worldhalaltrust.group\/wp-content\/uploads\/2021\/06\/socialHeader-2.png","contentUrl":"https:\/\/worldhalaltrust.group\/wp-content\/uploads\/2021\/06\/socialHeader-2.png","width":496,"height":312,"caption":"World Halal Trust"},"image":{"@id":"https:\/\/worldhalaltrust.group\/lt\/#\/schema\/logo\/image\/"},"sameAs":["https:\/\/www.facebook.com\/worldhalaltrust","https:\/\/www.linkedin.com\/company\/world-halal-trust\/about\/"]}]}},"_links":{"self":[{"href":"https:\/\/worldhalaltrust.group\/lt\/wp-json\/wp\/v2\/pages\/1906","targetHints":{"allow":["GET"]}}],"collection":[{"href":"https:\/\/worldhalaltrust.group\/lt\/wp-json\/wp\/v2\/pages"}],"about":[{"href":"https:\/\/worldhalaltrust.group\/lt\/wp-json\/wp\/v2\/types\/page"}],"author":[{"embeddable":true,"href":"https:\/\/worldhalaltrust.group\/lt\/wp-json\/wp\/v2\/users\/1"}],"replies":[{"embeddable":true,"href":"https:\/\/worldhalaltrust.group\/lt\/wp-json\/wp\/v2\/comments?post=1906"}],"version-history":[{"count":10,"href":"https:\/\/worldhalaltrust.group\/lt\/wp-json\/wp\/v2\/pages\/1906\/revisions"}],"predecessor-version":[{"id":9292,"href":"https:\/\/worldhalaltrust.group\/lt\/wp-json\/wp\/v2\/pages\/1906\/revisions\/9292"}],"wp:featuredmedia":[{"embeddable":true,"href":"https:\/\/worldhalaltrust.group\/lt\/wp-json\/wp\/v2\/media\/9304"}],"wp:attachment":[{"href":"https:\/\/worldhalaltrust.group\/lt\/wp-json\/wp\/v2\/media?parent=1906"}],"curies":[{"name":"wp","href":"https:\/\/api.w.org\/{rel}","templated":true}]}}