{"id":13047,"date":"2024-09-16T05:31:15","date_gmt":"2024-09-16T05:31:15","guid":{"rendered":"https:\/\/worldhalaltrust.group\/helal-egitim-kursu\/"},"modified":"2024-09-16T05:32:29","modified_gmt":"2024-09-16T05:32:29","slug":"helal-egitim-kursu","status":"publish","type":"page","link":"https:\/\/worldhalaltrust.group\/tr\/helal-egitim-kursu\/","title":{"rendered":"Helal E\u011fitim Kursu"},"content":{"rendered":"","protected":false},"excerpt":{"rendered":"","protected":false},"author":1,"featured_media":12790,"parent":0,"menu_order":0,"comment_status":"closed","ping_status":"closed","template":"page-course.php","meta":{"_acf_changed":false,"inline_featured_image":false,"footnotes":""},"class_list":["post-13047","page","type-page","status-publish","has-post-thumbnail","hentry"],"acf":{"title_hero":"Sertifikasyon","description_hero":"M\u00fc\u015fterilerimize sonsuz f\u0131rsatlar d\u00fcnyas\u0131n\u0131n kap\u0131lar\u0131n\u0131 a\u00e7arak yeni ufuklar a\u00e7\u0131lmas\u0131na yard\u0131mc\u0131 oluyoruz. Helal Sertifikas\u0131, yeni pazarlara a\u00e7\u0131lman\u0131n ve ihracat\u0131n \u00f6nemli \u00f6l\u00e7\u00fcde geni\u015flemesinin anahtar\u0131d\u0131r.","background_hero":{"ID":12771,"id":12771,"title":"about-us","filename":"about-us-1.png","filesize":341587,"url":"https:\/\/worldhalaltrust.group\/wp-content\/uploads\/2020\/05\/about-us-1.png","link":"https:\/\/worldhalaltrust.group\/tr\/hakkimizda\/about-us-2\/","alt":"","author":"1","description":"","caption":"","name":"about-us-2","status":"inherit","uploaded_to":12770,"date":"2020-05-04 11:57:31","modified":"2020-05-04 11:57:31","menu_order":0,"mime_type":"image\/png","type":"image","subtype":"png","icon":"https:\/\/worldhalaltrust.group\/wp-includes\/images\/media\/default.png","width":1700,"height":480,"sizes":{"thumbnail":"https:\/\/worldhalaltrust.group\/wp-content\/uploads\/2020\/05\/about-us-1-150x150.png","thumbnail-width":150,"thumbnail-height":150,"medium":"https:\/\/worldhalaltrust.group\/wp-content\/uploads\/2020\/05\/about-us-1-300x85.png","medium-width":300,"medium-height":85,"medium_large":"https:\/\/worldhalaltrust.group\/wp-content\/uploads\/2020\/05\/about-us-1-768x217.png","medium_large-width":768,"medium_large-height":217,"large":"https:\/\/worldhalaltrust.group\/wp-content\/uploads\/2020\/05\/about-us-1-1024x289.png","large-width":1024,"large-height":289,"1536x1536":"https:\/\/worldhalaltrust.group\/wp-content\/uploads\/2020\/05\/about-us-1-1536x434.png","1536x1536-width":1536,"1536x1536-height":434,"2048x2048":"https:\/\/worldhalaltrust.group\/wp-content\/uploads\/2020\/05\/about-us-1.png","2048x2048-width":1700,"2048x2048-height":480,"full-width":"https:\/\/worldhalaltrust.group\/wp-content\/uploads\/2020\/05\/about-us-1.png","full-width-width":1700,"full-width-height":480}},"background_overlay_hero":"rgba(0, 0, 0, 0.4)","flexible_content":false,"courses_availability":"courses_not_available","text_content":{"show_background":true,"content_body":"<h2>Helal E\u011fitim Kursu<\/h2>\n<p>M\u00fc\u015fterilerimizin ve di\u011fer \u015firketlerin Helal end\u00fcstrisi hakk\u0131nda fark\u0131ndal\u0131klar\u0131n\u0131 art\u0131rmay\u0131 ama\u00e7l\u0131yoruz. Her y\u0131l, en son Helal \u00fcretim ve sertifikasyon standartlar\u0131 ve trendleri hakk\u0131nda g\u00fcncelleme sa\u011flamak ve \u015firketleri temel Helal gereklilikleriyle tan\u0131\u015ft\u0131rmak i\u00e7in Helal E\u011fitim Kursu d\u00fczenliyoruz.<\/p>\n<p>Y\u0131ll\u0131k Kurs, M\u00fc\u015fterilerimiz i\u00e7in zorunludur ve gelecekte Helal Sertifikal\u0131 olmay\u0131 d\u00fc\u015f\u00fcnen \u015firketler i\u00e7in \u015fiddetle tavsiye edilir.<\/p>\n<p>Bir sonraki Helal E\u011fitim Kursunun tarihi hen\u00fcz belirlenmedi.<\/p>\n"},"registration_content":{"show_background":false,"content_body_registration":"","button_registration":false}},"yoast_head":"<!-- This site is optimized with the Yoast SEO plugin v27.3 - https:\/\/yoast.com\/product\/yoast-seo-wordpress\/ -->\n<title>Helal E\u011fitim Kursu - World Halal Trust Group | Helal Sertifikasyon Hizmetleri<\/title>\n<meta name=\"description\" content=\"\u015eirketleri Helal \u00fcretim ve sertifikasyonun en son standartlar\u0131 ve trendleri hakk\u0131nda bilgilendirmek ve temel Helal gereklilikleri hakk\u0131nda bilgilendirmek amac\u0131yla her y\u0131l Helal E\u011fitim Kursu d\u00fczenliyoruz.\" \/>\n<meta name=\"robots\" content=\"index, follow, max-snippet:-1, max-image-preview:large, max-video-preview:-1\" \/>\n<link rel=\"canonical\" href=\"https:\/\/worldhalaltrust.group\/tr\/helal-egitim-kursu\/\" \/>\n<meta property=\"og:locale\" content=\"tr_TR\" \/>\n<meta property=\"og:type\" content=\"article\" \/>\n<meta property=\"og:title\" content=\"Helal E\u011fitim Kursu - World Halal Trust Group | Helal Sertifikasyon Hizmetleri\" \/>\n<meta property=\"og:description\" content=\"\u015eirketleri Helal \u00fcretim ve sertifikasyonun en son standartlar\u0131 ve trendleri hakk\u0131nda bilgilendirmek ve temel Helal gereklilikleri hakk\u0131nda bilgilendirmek amac\u0131yla her y\u0131l Helal E\u011fitim Kursu d\u00fczenliyoruz.\" \/>\n<meta property=\"og:url\" content=\"https:\/\/worldhalaltrust.group\/tr\/helal-egitim-kursu\/\" \/>\n<meta property=\"og:site_name\" content=\"World Halal Trust Group | Helal Sertifikasyon Hizmetleri\" \/>\n<meta property=\"article:publisher\" content=\"https:\/\/www.facebook.com\/worldhalaltrust\" \/>\n<meta property=\"article:modified_time\" content=\"2024-09-16T05:32:29+00:00\" \/>\n<meta property=\"og:image\" content=\"https:\/\/worldhalaltrust.group\/wp-content\/uploads\/2023\/06\/fim.jpg\" \/>\n\t<meta property=\"og:image:width\" content=\"500\" \/>\n\t<meta property=\"og:image:height\" content=\"500\" \/>\n\t<meta property=\"og:image:type\" content=\"image\/jpeg\" \/>\n<meta name=\"twitter:card\" content=\"summary_large_image\" \/>\n<meta name=\"twitter:label1\" content=\"Tahmini okuma s\u00fcresi\" \/>\n\t<meta name=\"twitter:data1\" content=\"1 dakika\" \/>\n<script type=\"application\/ld+json\" class=\"yoast-schema-graph\">{\"@context\":\"https:\\\/\\\/schema.org\",\"@graph\":[{\"@type\":\"WebPage\",\"@id\":\"https:\\\/\\\/worldhalaltrust.group\\\/tr\\\/helal-egitim-kursu\\\/\",\"url\":\"https:\\\/\\\/worldhalaltrust.group\\\/tr\\\/helal-egitim-kursu\\\/\",\"name\":\"Helal E\u011fitim Kursu - World Halal Trust Group | Helal Sertifikasyon Hizmetleri\",\"isPartOf\":{\"@id\":\"https:\\\/\\\/worldhalaltrust.group\\\/tr\\\/#website\"},\"primaryImageOfPage\":{\"@id\":\"https:\\\/\\\/worldhalaltrust.group\\\/tr\\\/helal-egitim-kursu\\\/#primaryimage\"},\"image\":{\"@id\":\"https:\\\/\\\/worldhalaltrust.group\\\/tr\\\/helal-egitim-kursu\\\/#primaryimage\"},\"thumbnailUrl\":\"https:\\\/\\\/worldhalaltrust.group\\\/wp-content\\\/uploads\\\/2023\\\/06\\\/fim.jpg\",\"datePublished\":\"2024-09-16T05:31:15+00:00\",\"dateModified\":\"2024-09-16T05:32:29+00:00\",\"description\":\"\u015eirketleri Helal \u00fcretim ve sertifikasyonun en son standartlar\u0131 ve trendleri hakk\u0131nda bilgilendirmek ve temel Helal gereklilikleri hakk\u0131nda bilgilendirmek amac\u0131yla her y\u0131l Helal E\u011fitim Kursu d\u00fczenliyoruz.\",\"breadcrumb\":{\"@id\":\"https:\\\/\\\/worldhalaltrust.group\\\/tr\\\/helal-egitim-kursu\\\/#breadcrumb\"},\"inLanguage\":\"tr\",\"potentialAction\":[{\"@type\":\"ReadAction\",\"target\":[\"https:\\\/\\\/worldhalaltrust.group\\\/tr\\\/helal-egitim-kursu\\\/\"]}]},{\"@type\":\"ImageObject\",\"inLanguage\":\"tr\",\"@id\":\"https:\\\/\\\/worldhalaltrust.group\\\/tr\\\/helal-egitim-kursu\\\/#primaryimage\",\"url\":\"https:\\\/\\\/worldhalaltrust.group\\\/wp-content\\\/uploads\\\/2023\\\/06\\\/fim.jpg\",\"contentUrl\":\"https:\\\/\\\/worldhalaltrust.group\\\/wp-content\\\/uploads\\\/2023\\\/06\\\/fim.jpg\",\"width\":500,\"height\":500},{\"@type\":\"BreadcrumbList\",\"@id\":\"https:\\\/\\\/worldhalaltrust.group\\\/tr\\\/helal-egitim-kursu\\\/#breadcrumb\",\"itemListElement\":[{\"@type\":\"ListItem\",\"position\":1,\"name\":\"Home\",\"item\":\"https:\\\/\\\/worldhalaltrust.group\\\/tr\\\/\"},{\"@type\":\"ListItem\",\"position\":2,\"name\":\"Helal E\u011fitim Kursu\"}]},{\"@type\":\"WebSite\",\"@id\":\"https:\\\/\\\/worldhalaltrust.group\\\/tr\\\/#website\",\"url\":\"https:\\\/\\\/worldhalaltrust.group\\\/tr\\\/\",\"name\":\"World Halal Trust Group | Helal Sertifikasyon Hizmetleri\",\"description\":\"World Halal Trust Group g\u0131da ve g\u0131da d\u0131\u015f\u0131 \u00fcreticilere, et i\u015fleyicilerine Helal sertifikasyon hizmeti sunar ve Helal sertifikal\u0131 \u00fcretimi takip eder.\",\"publisher\":{\"@id\":\"https:\\\/\\\/worldhalaltrust.group\\\/tr\\\/#organization\"},\"potentialAction\":[{\"@type\":\"SearchAction\",\"target\":{\"@type\":\"EntryPoint\",\"urlTemplate\":\"https:\\\/\\\/worldhalaltrust.group\\\/tr\\\/?s={search_term_string}\"},\"query-input\":{\"@type\":\"PropertyValueSpecification\",\"valueRequired\":true,\"valueName\":\"search_term_string\"}}],\"inLanguage\":\"tr\"},{\"@type\":\"Organization\",\"@id\":\"https:\\\/\\\/worldhalaltrust.group\\\/tr\\\/#organization\",\"name\":\"World Halal Trust\",\"url\":\"https:\\\/\\\/worldhalaltrust.group\\\/tr\\\/\",\"logo\":{\"@type\":\"ImageObject\",\"inLanguage\":\"tr\",\"@id\":\"https:\\\/\\\/worldhalaltrust.group\\\/tr\\\/#\\\/schema\\\/logo\\\/image\\\/\",\"url\":\"https:\\\/\\\/worldhalaltrust.group\\\/wp-content\\\/uploads\\\/2021\\\/06\\\/socialHeader-2.png\",\"contentUrl\":\"https:\\\/\\\/worldhalaltrust.group\\\/wp-content\\\/uploads\\\/2021\\\/06\\\/socialHeader-2.png\",\"width\":496,\"height\":312,\"caption\":\"World Halal Trust\"},\"image\":{\"@id\":\"https:\\\/\\\/worldhalaltrust.group\\\/tr\\\/#\\\/schema\\\/logo\\\/image\\\/\"},\"sameAs\":[\"https:\\\/\\\/www.facebook.com\\\/worldhalaltrust\",\"https:\\\/\\\/www.linkedin.com\\\/company\\\/world-halal-trust\\\/about\\\/\"]}]}<\/script>\n<!-- \/ Yoast SEO plugin. -->","yoast_head_json":{"title":"Helal E\u011fitim Kursu - World Halal Trust Group | Helal Sertifikasyon Hizmetleri","description":"\u015eirketleri Helal \u00fcretim ve sertifikasyonun en son standartlar\u0131 ve trendleri hakk\u0131nda bilgilendirmek ve temel Helal gereklilikleri hakk\u0131nda bilgilendirmek amac\u0131yla her y\u0131l Helal E\u011fitim Kursu d\u00fczenliyoruz.","robots":{"index":"index","follow":"follow","max-snippet":"max-snippet:-1","max-image-preview":"max-image-preview:large","max-video-preview":"max-video-preview:-1"},"canonical":"https:\/\/worldhalaltrust.group\/tr\/helal-egitim-kursu\/","og_locale":"tr_TR","og_type":"article","og_title":"Helal E\u011fitim Kursu - World Halal Trust Group | Helal Sertifikasyon Hizmetleri","og_description":"\u015eirketleri Helal \u00fcretim ve sertifikasyonun en son standartlar\u0131 ve trendleri hakk\u0131nda bilgilendirmek ve temel Helal gereklilikleri hakk\u0131nda bilgilendirmek amac\u0131yla her y\u0131l Helal E\u011fitim Kursu d\u00fczenliyoruz.","og_url":"https:\/\/worldhalaltrust.group\/tr\/helal-egitim-kursu\/","og_site_name":"World Halal Trust Group | Helal Sertifikasyon Hizmetleri","article_publisher":"https:\/\/www.facebook.com\/worldhalaltrust","article_modified_time":"2024-09-16T05:32:29+00:00","og_image":[{"width":500,"height":500,"url":"https:\/\/worldhalaltrust.group\/wp-content\/uploads\/2023\/06\/fim.jpg","type":"image\/jpeg"}],"twitter_card":"summary_large_image","twitter_misc":{"Tahmini okuma s\u00fcresi":"1 dakika"},"schema":{"@context":"https:\/\/schema.org","@graph":[{"@type":"WebPage","@id":"https:\/\/worldhalaltrust.group\/tr\/helal-egitim-kursu\/","url":"https:\/\/worldhalaltrust.group\/tr\/helal-egitim-kursu\/","name":"Helal E\u011fitim Kursu - World Halal Trust Group | Helal Sertifikasyon Hizmetleri","isPartOf":{"@id":"https:\/\/worldhalaltrust.group\/tr\/#website"},"primaryImageOfPage":{"@id":"https:\/\/worldhalaltrust.group\/tr\/helal-egitim-kursu\/#primaryimage"},"image":{"@id":"https:\/\/worldhalaltrust.group\/tr\/helal-egitim-kursu\/#primaryimage"},"thumbnailUrl":"https:\/\/worldhalaltrust.group\/wp-content\/uploads\/2023\/06\/fim.jpg","datePublished":"2024-09-16T05:31:15+00:00","dateModified":"2024-09-16T05:32:29+00:00","description":"\u015eirketleri Helal \u00fcretim ve sertifikasyonun en son standartlar\u0131 ve trendleri hakk\u0131nda bilgilendirmek ve temel Helal gereklilikleri hakk\u0131nda bilgilendirmek amac\u0131yla her y\u0131l Helal E\u011fitim Kursu d\u00fczenliyoruz.","breadcrumb":{"@id":"https:\/\/worldhalaltrust.group\/tr\/helal-egitim-kursu\/#breadcrumb"},"inLanguage":"tr","potentialAction":[{"@type":"ReadAction","target":["https:\/\/worldhalaltrust.group\/tr\/helal-egitim-kursu\/"]}]},{"@type":"ImageObject","inLanguage":"tr","@id":"https:\/\/worldhalaltrust.group\/tr\/helal-egitim-kursu\/#primaryimage","url":"https:\/\/worldhalaltrust.group\/wp-content\/uploads\/2023\/06\/fim.jpg","contentUrl":"https:\/\/worldhalaltrust.group\/wp-content\/uploads\/2023\/06\/fim.jpg","width":500,"height":500},{"@type":"BreadcrumbList","@id":"https:\/\/worldhalaltrust.group\/tr\/helal-egitim-kursu\/#breadcrumb","itemListElement":[{"@type":"ListItem","position":1,"name":"Home","item":"https:\/\/worldhalaltrust.group\/tr\/"},{"@type":"ListItem","position":2,"name":"Helal E\u011fitim Kursu"}]},{"@type":"WebSite","@id":"https:\/\/worldhalaltrust.group\/tr\/#website","url":"https:\/\/worldhalaltrust.group\/tr\/","name":"World Halal Trust Group | Helal Sertifikasyon Hizmetleri","description":"World Halal Trust Group g\u0131da ve g\u0131da d\u0131\u015f\u0131 \u00fcreticilere, et i\u015fleyicilerine Helal sertifikasyon hizmeti sunar ve Helal sertifikal\u0131 \u00fcretimi takip eder.","publisher":{"@id":"https:\/\/worldhalaltrust.group\/tr\/#organization"},"potentialAction":[{"@type":"SearchAction","target":{"@type":"EntryPoint","urlTemplate":"https:\/\/worldhalaltrust.group\/tr\/?s={search_term_string}"},"query-input":{"@type":"PropertyValueSpecification","valueRequired":true,"valueName":"search_term_string"}}],"inLanguage":"tr"},{"@type":"Organization","@id":"https:\/\/worldhalaltrust.group\/tr\/#organization","name":"World Halal Trust","url":"https:\/\/worldhalaltrust.group\/tr\/","logo":{"@type":"ImageObject","inLanguage":"tr","@id":"https:\/\/worldhalaltrust.group\/tr\/#\/schema\/logo\/image\/","url":"https:\/\/worldhalaltrust.group\/wp-content\/uploads\/2021\/06\/socialHeader-2.png","contentUrl":"https:\/\/worldhalaltrust.group\/wp-content\/uploads\/2021\/06\/socialHeader-2.png","width":496,"height":312,"caption":"World Halal Trust"},"image":{"@id":"https:\/\/worldhalaltrust.group\/tr\/#\/schema\/logo\/image\/"},"sameAs":["https:\/\/www.facebook.com\/worldhalaltrust","https:\/\/www.linkedin.com\/company\/world-halal-trust\/about\/"]}]}},"_links":{"self":[{"href":"https:\/\/worldhalaltrust.group\/tr\/wp-json\/wp\/v2\/pages\/13047","targetHints":{"allow":["GET"]}}],"collection":[{"href":"https:\/\/worldhalaltrust.group\/tr\/wp-json\/wp\/v2\/pages"}],"about":[{"href":"https:\/\/worldhalaltrust.group\/tr\/wp-json\/wp\/v2\/types\/page"}],"author":[{"embeddable":true,"href":"https:\/\/worldhalaltrust.group\/tr\/wp-json\/wp\/v2\/users\/1"}],"replies":[{"embeddable":true,"href":"https:\/\/worldhalaltrust.group\/tr\/wp-json\/wp\/v2\/comments?post=13047"}],"version-history":[{"count":1,"href":"https:\/\/worldhalaltrust.group\/tr\/wp-json\/wp\/v2\/pages\/13047\/revisions"}],"predecessor-version":[{"id":13048,"href":"https:\/\/worldhalaltrust.group\/tr\/wp-json\/wp\/v2\/pages\/13047\/revisions\/13048"}],"wp:featuredmedia":[{"embeddable":true,"href":"https:\/\/worldhalaltrust.group\/tr\/wp-json\/wp\/v2\/media\/12790"}],"wp:attachment":[{"href":"https:\/\/worldhalaltrust.group\/tr\/wp-json\/wp\/v2\/media?parent=13047"}],"curies":[{"name":"wp","href":"https:\/\/api.w.org\/{rel}","templated":true}]}}